{"id":2675,"date":"2023-01-25T17:29:43","date_gmt":"2023-01-25T16:29:43","guid":{"rendered":"http:\/\/www.attivagroup.it\/f-a-qs\/"},"modified":"2023-08-25T08:47:30","modified_gmt":"2023-08-25T06:47:30","slug":"f-a-qs","status":"publish","type":"page","link":"https:\/\/www.attivagroup.it\/ro\/f-a-qs\/","title":{"rendered":"FAQ"},"content":{"rendered":"\t\t<div data-elementor-type=\"wp-page\" data-elementor-id=\"2675\" class=\"elementor elementor-2675 elementor-2273\">\n\t\t\t\t\t\t\t<div class=\"elementor-element elementor-element-59481c9 e-con-boxed e-flex e-con\" data-id=\"59481c9\" data-element_type=\"container\" data-settings=\"{&quot;content_width&quot;:&quot;boxed&quot;}\">\n\t\t\t\t\t<div class=\"e-con-inner\">\n\t\t<div class=\"elementor-element elementor-element-a8136fb e-con-full e-flex e-con\" data-id=\"a8136fb\" data-element_type=\"container\" data-settings=\"{&quot;content_width&quot;:&quot;full&quot;}\">\n\t\t<div class=\"elementor-element elementor-element-77cc970 e-con-full e-flex e-con\" data-id=\"77cc970\" data-element_type=\"container\" data-settings=\"{&quot;content_width&quot;:&quot;full&quot;}\">\n\t\t<div class=\"elementor-element elementor-element-7e12914 e-con-full e-flex e-con\" data-id=\"7e12914\" data-element_type=\"container\" data-settings=\"{&quot;content_width&quot;:&quot;full&quot;}\">\n\t\t<div class=\"elementor-element elementor-element-d1dfa5b e-con-full e-flex e-con\" data-id=\"d1dfa5b\" data-element_type=\"container\" data-settings=\"{&quot;content_width&quot;:&quot;full&quot;}\">\n\t\t\t\t<div class=\"elementor-element elementor-element-cc87fec elementor-view-default elementor-widget elementor-widget-icon\" data-id=\"cc87fec\" data-element_type=\"widget\" data-widget_type=\"icon.default\">\n\t\t\t\t<div class=\"elementor-widget-container\">\n\t\t\t\t\t<div class=\"elementor-icon-wrapper\">\n\t\t\t<div class=\"elementor-icon\">\n\t\t\t<svg aria-hidden=\"true\" class=\"e-font-icon-svg e-fas-square-full\" viewBox=\"0 0 512 512\" xmlns=\"http:\/\/www.w3.org\/2000\/svg\"><path d=\"M512 512H0V0h512v512z\"><\/path><\/svg>\t\t\t<\/div>\n\t\t<\/div>\n\t\t\t\t<\/div>\n\t\t\t\t<\/div>\n\t\t\t\t<\/div>\n\t\t<div class=\"elementor-element elementor-element-42acaab e-con-full e-flex e-con\" data-id=\"42acaab\" data-element_type=\"container\" data-settings=\"{&quot;content_width&quot;:&quot;full&quot;}\">\n\t\t\t\t<div class=\"elementor-element elementor-element-48effb8 elementor-widget elementor-widget-heading\" data-id=\"48effb8\" data-element_type=\"widget\" data-widget_type=\"heading.default\">\n\t\t\t\t<div class=\"elementor-widget-container\">\n\t\t\t<style>\/*! elementor - v3.13.3 - 22-05-2023 *\/\n.elementor-heading-title{padding:0;margin:0;line-height:1}.elementor-widget-heading .elementor-heading-title[class*=elementor-size-]>a{color:inherit;font-size:inherit;line-height:inherit}.elementor-widget-heading .elementor-heading-title.elementor-size-small{font-size:15px}.elementor-widget-heading .elementor-heading-title.elementor-size-medium{font-size:19px}.elementor-widget-heading .elementor-heading-title.elementor-size-large{font-size:29px}.elementor-widget-heading .elementor-heading-title.elementor-size-xl{font-size:39px}.elementor-widget-heading .elementor-heading-title.elementor-size-xxl{font-size:59px}<\/style><h2 class=\"elementor-heading-title elementor-size-default\">FAQ<\/h2>\t\t<\/div>\n\t\t\t\t<\/div>\n\t\t\t\t<\/div>\n\t\t\t\t<\/div>\n\t\t\t\t<\/div>\n\t\t\t\t<\/div>\n\t\t\t\t\t<\/div>\n\t\t\t\t<\/div>\n\t\t<div class=\"elementor-element elementor-element-66697f2 e-con-boxed e-flex e-con\" data-id=\"66697f2\" data-element_type=\"container\" data-settings=\"{&quot;content_width&quot;:&quot;boxed&quot;}\">\n\t\t\t\t\t<div class=\"e-con-inner\">\n\t\t<div class=\"elementor-element elementor-element-d62de70 e-con-full e-flex e-con\" data-id=\"d62de70\" data-element_type=\"container\" data-settings=\"{&quot;content_width&quot;:&quot;full&quot;}\">\n\t\t<div class=\"elementor-element elementor-element-2df9073 e-con-full e-flex e-con\" data-id=\"2df9073\" data-element_type=\"container\" data-settings=\"{&quot;content_width&quot;:&quot;full&quot;}\">\n\t\t<div class=\"elementor-element elementor-element-bab7ce8 e-con-full e-flex e-con\" data-id=\"bab7ce8\" data-element_type=\"container\" data-settings=\"{&quot;content_width&quot;:&quot;full&quot;}\">\n\t\t<div class=\"elementor-element elementor-element-418c63a e-con-full e-flex e-con\" data-id=\"418c63a\" data-element_type=\"container\" data-settings=\"{&quot;content_width&quot;:&quot;full&quot;}\">\n\t\t\t\t<\/div>\n\t\t<div class=\"elementor-element elementor-element-ca4bdc4 e-con-full e-flex e-con\" data-id=\"ca4bdc4\" data-element_type=\"container\" data-settings=\"{&quot;content_width&quot;:&quot;full&quot;}\">\n\t\t\t\t<div class=\"elementor-element elementor-element-444b974 elementor-widget elementor-widget-qi_addons_for_elementor_faq\" data-id=\"444b974\" data-element_type=\"widget\" data-widget_type=\"qi_addons_for_elementor_faq.default\">\n\t\t\t\t<div class=\"elementor-widget-container\">\n\t\t\t<div class=\"qodef-shortcode qodef-m  qodef-qi-faq qodef-qi-clear  qodef-behavior--none qodef-layout--simple qodef-style--boxed\">\n\t<h3 class=\"qodef-e-title-holder\">\n\t<span class=\"qodef-e-title\">\n\t\t\t<span class=\"qodef-e-number\">\n\t\t1.\t<\/span>\n\t\t\tSunte\u021bi o companie serioas\u0103?\t<\/span>\n\t<\/h3>\n<div class=\"qodef-e-content\">\n\t<div class=\"qodef-e-content-inner\">\n\t\tDa, iar cei 20 de ani de experien\u021b\u0103 \u00een domeniu o confirm\u0103.\t<\/div>\n<\/div>\n<h3 class=\"qodef-e-title-holder\">\n\t<span class=\"qodef-e-title\">\n\t\t\t<span class=\"qodef-e-number\">\n\t\t2.\t<\/span>\n\t\t\tC\u00e2te persoane lucreaz\u0103 pentru ATTIVA?\t<\/span>\n\t<\/h3>\n<div class=\"qodef-e-content\">\n\t<div class=\"qodef-e-content-inner\">\n\t\tPeste 100 de persoane.\t<\/div>\n<\/div>\n<h3 class=\"qodef-e-title-holder\">\n\t<span class=\"qodef-e-title\">\n\t\t\t<span class=\"qodef-e-number\">\n\t\t3.\t<\/span>\n\t\t\tPentru a lucra \u00een Italia este garantat\u0103 c\u0103l\u0103toria Rom\u00e2nia-Italia ?\t<\/span>\n\t<\/h3>\n<div class=\"qodef-e-content\">\n\t<div class=\"qodef-e-content-inner\">\n\t\tDa, compania garanteaz\u0103 c\u0103l\u0103toria dus-\u00eentors Romania- Italia\t<\/div>\n<\/div>\n<h3 class=\"qodef-e-title-holder\">\n\t<span class=\"qodef-e-title\">\n\t\t\t<span class=\"qodef-e-number\">\n\t\t4.\t<\/span>\n\t\t\tSe ofer\u0103 cazare?\t<\/span>\n\t<\/h3>\n<div class=\"qodef-e-content\">\n\t<div class=\"qodef-e-content-inner\">\n\t\tDa, muncitorilor li se ofer\u0103 cazare.\t<\/div>\n<\/div>\n<h3 class=\"qodef-e-title-holder\">\n\t<span class=\"qodef-e-title\">\n\t\t\t<span class=\"qodef-e-number\">\n\t\t5.\t<\/span>\n\t\t\tCe tip de cazare?\t<\/span>\n\t<\/h3>\n<div class=\"qodef-e-content\">\n\t<div class=\"qodef-e-content-inner\">\n\t\tSunt puse la dispozi\u021bia muncitorilor apartamente mobilate \u0219i utilate (maxim 2 persoane \u00een camera).\t<\/div>\n<\/div>\n<h3 class=\"qodef-e-title-holder\">\n\t<span class=\"qodef-e-title\">\n\t\t\t<span class=\"qodef-e-number\">\n\t\t6.\t<\/span>\n\t\t\tCum func\u021bioneaz\u0103 plata salariului?\t<\/span>\n\t<\/h3>\n<div class=\"qodef-e-content\">\n\t<div class=\"qodef-e-content-inner\">\n\t\tPlata salariului se face lunar, f\u0103r\u0103 \u00eent\u00e2rziere, la data convenit\u0103 contractual.\t<\/div>\n<\/div>\n<\/div>\n\t<script type=\"application\/ld+json\">{\"@context\":\"https:\\\/\\\/schema.org\",\"@type\":\"FAQPage\",\"mainEntity\":[{\"@type\":\"Question\",\"name\":\"Sunte\\u021bi o companie serioas\\u0103?\",\"acceptedAnswer\":{\"@type\":\"Answer\",\"text\":\"Da, iar cei 20 de ani de experien\\u021b\\u0103 \\u00een domeniu o confirm\\u0103.\"}},{\"@type\":\"Question\",\"name\":\"C\\u00e2te persoane lucreaz\\u0103 pentru ATTIVA?\",\"acceptedAnswer\":{\"@type\":\"Answer\",\"text\":\"Peste 100 de persoane.\"}},{\"@type\":\"Question\",\"name\":\"Pentru a lucra \\u00een Italia este garantat\\u0103 c\\u0103l\\u0103toria Rom\\u00e2nia-Italia ?\",\"acceptedAnswer\":{\"@type\":\"Answer\",\"text\":\"Da, compania garanteaz\\u0103 c\\u0103l\\u0103toria dus-\\u00eentors Romania- Italia\"}},{\"@type\":\"Question\",\"name\":\"Se ofer\\u0103 cazare?\",\"acceptedAnswer\":{\"@type\":\"Answer\",\"text\":\"Da, muncitorilor li se ofer\\u0103 cazare.\"}},{\"@type\":\"Question\",\"name\":\"Ce tip de cazare?\",\"acceptedAnswer\":{\"@type\":\"Answer\",\"text\":\"Sunt puse la dispozi\\u021bia muncitorilor apartamente mobilate \\u0219i utilate (maxim 2 persoane \\u00een camera).\"}},{\"@type\":\"Question\",\"name\":\"Cum func\\u021bioneaz\\u0103 plata salariului?\",\"acceptedAnswer\":{\"@type\":\"Answer\",\"text\":\"Plata salariului se face lunar, f\\u0103r\\u0103 \\u00eent\\u00e2rziere, la data convenit\\u0103 contractual.\"}}]}<\/script>\n\t\t<\/div>\n\t\t\t\t<\/div>\n\t\t\t\t<div class=\"elementor-element elementor-element-8809efe elementor-widget elementor-widget-spacer\" data-id=\"8809efe\" data-element_type=\"widget\" data-widget_type=\"spacer.default\">\n\t\t\t\t<div class=\"elementor-widget-container\">\n\t\t\t<style>\/*! elementor - v3.13.3 - 22-05-2023 *\/\n.elementor-column .elementor-spacer-inner{height:var(--spacer-size)}.e-con{--container-widget-width:100%}.e-con-inner>.elementor-widget-spacer,.e-con>.elementor-widget-spacer{width:var(--container-widget-width,var(--spacer-size));--align-self:var(--container-widget-align-self,initial);--flex-shrink:0}.e-con-inner>.elementor-widget-spacer>.elementor-widget-container,.e-con-inner>.elementor-widget-spacer>.elementor-widget-container>.elementor-spacer,.e-con>.elementor-widget-spacer>.elementor-widget-container,.e-con>.elementor-widget-spacer>.elementor-widget-container>.elementor-spacer{height:100%}.e-con-inner>.elementor-widget-spacer>.elementor-widget-container>.elementor-spacer>.elementor-spacer-inner,.e-con>.elementor-widget-spacer>.elementor-widget-container>.elementor-spacer>.elementor-spacer-inner{height:var(--container-widget-height,var(--spacer-size))}<\/style>\t\t<div class=\"elementor-spacer\">\n\t\t\t<div class=\"elementor-spacer-inner\"><\/div>\n\t\t<\/div>\n\t\t\t\t<\/div>\n\t\t\t\t<\/div>\n\t\t\t\t<\/div>\n\t\t\t\t<\/div>\n\t\t\t\t<\/div>\n\t\t\t\t<\/div>\n\t\t\t\t\t<\/div>\n\t\t\t\t<\/div>\n\t\t\t\t\t\t\t<\/div>\n\t\t","protected":false},"excerpt":{"rendered":"<p>FAQ 1. Sunte\u021bi o companie serioas\u0103? Da, iar cei 20 de ani de experien\u021b\u0103 \u00een domeniu o confirm\u0103. 2. C\u00e2te persoane lucreaz\u0103 pentru ATTIVA? Peste 100 de persoane. 3. Pentru a lucra \u00een Italia este garantat\u0103 c\u0103l\u0103toria Rom\u00e2nia-Italia ? Da, compania garanteaz\u0103 c\u0103l\u0103toria dus-\u00eentors Romania- Italia 4. Se ofer\u0103 cazare? Da, muncitorilor li se ofer\u0103 [&hellip;]<\/p>\n","protected":false},"author":2,"featured_media":0,"parent":0,"menu_order":0,"comment_status":"closed","ping_status":"closed","template":"elementor_header_footer","meta":{"footnotes":""},"class_list":["post-2675","page","type-page","status-publish","hentry"],"yoast_head":"<!-- This site is optimized with the Yoast SEO plugin v24.8.1 - https:\/\/yoast.com\/wordpress\/plugins\/seo\/ -->\n<title>FAQ: \u00centreb\u0103ri despre companie \u0219i despre carier\u0103 - Attiva<\/title>\n<meta name=\"description\" content=\"Afla\u021bi num\u0103rul de persoane care lucreaz\u0103 cu noi, detalii despre c\u0103l\u0103toria Rom\u00e2nia-Italia, cazare asigurat\u0103 \u0219i plata salariului.\" \/>\n<meta name=\"robots\" content=\"index, follow, max-snippet:-1, max-image-preview:large, max-video-preview:-1\" \/>\n<link rel=\"canonical\" href=\"https:\/\/www.attivagroup.it\/ro\/f-a-qs\/\" \/>\n<meta property=\"og:locale\" content=\"ro_RO\" \/>\n<meta property=\"og:type\" content=\"article\" \/>\n<meta property=\"og:title\" content=\"FAQ: \u00centreb\u0103ri despre companie \u0219i despre carier\u0103 - Attiva\" \/>\n<meta property=\"og:description\" content=\"Afla\u021bi num\u0103rul de persoane care lucreaz\u0103 cu noi, detalii despre c\u0103l\u0103toria Rom\u00e2nia-Italia, cazare asigurat\u0103 \u0219i plata salariului.\" \/>\n<meta property=\"og:url\" content=\"https:\/\/www.attivagroup.it\/ro\/f-a-qs\/\" \/>\n<meta property=\"og:site_name\" content=\"Attiva\" \/>\n<meta property=\"article:modified_time\" content=\"2023-08-25T06:47:30+00:00\" \/>\n<meta name=\"twitter:card\" content=\"summary_large_image\" \/>\n<script type=\"application\/ld+json\" class=\"yoast-schema-graph\">{\"@context\":\"https:\/\/schema.org\",\"@graph\":[{\"@type\":\"WebPage\",\"@id\":\"https:\/\/www.attivagroup.it\/ro\/f-a-qs\/\",\"url\":\"https:\/\/www.attivagroup.it\/ro\/f-a-qs\/\",\"name\":\"FAQ: \u00centreb\u0103ri despre companie \u0219i despre carier\u0103 - Attiva\",\"isPartOf\":{\"@id\":\"https:\/\/www.attivagroup.it\/ro\/#website\"},\"datePublished\":\"2023-01-25T16:29:43+00:00\",\"dateModified\":\"2023-08-25T06:47:30+00:00\",\"description\":\"Afla\u021bi num\u0103rul de persoane care lucreaz\u0103 cu noi, detalii despre c\u0103l\u0103toria Rom\u00e2nia-Italia, cazare asigurat\u0103 \u0219i plata salariului.\",\"breadcrumb\":{\"@id\":\"https:\/\/www.attivagroup.it\/ro\/f-a-qs\/#breadcrumb\"},\"inLanguage\":\"ro-RO\",\"potentialAction\":[{\"@type\":\"ReadAction\",\"target\":[\"https:\/\/www.attivagroup.it\/ro\/f-a-qs\/\"]}]},{\"@type\":\"BreadcrumbList\",\"@id\":\"https:\/\/www.attivagroup.it\/ro\/f-a-qs\/#breadcrumb\",\"itemListElement\":[{\"@type\":\"ListItem\",\"position\":1,\"name\":\"Home\",\"item\":\"https:\/\/www.attivagroup.it\/ro\/\"},{\"@type\":\"ListItem\",\"position\":2,\"name\":\"FAQ\"}]},{\"@type\":\"WebSite\",\"@id\":\"https:\/\/www.attivagroup.it\/ro\/#website\",\"url\":\"https:\/\/www.attivagroup.it\/ro\/\",\"name\":\"Attiva\",\"description\":\"\",\"publisher\":{\"@id\":\"https:\/\/www.attivagroup.it\/ro\/#organization\"},\"potentialAction\":[{\"@type\":\"SearchAction\",\"target\":{\"@type\":\"EntryPoint\",\"urlTemplate\":\"https:\/\/www.attivagroup.it\/ro\/?s={search_term_string}\"},\"query-input\":{\"@type\":\"PropertyValueSpecification\",\"valueRequired\":true,\"valueName\":\"search_term_string\"}}],\"inLanguage\":\"ro-RO\"},{\"@type\":\"Organization\",\"@id\":\"https:\/\/www.attivagroup.it\/ro\/#organization\",\"name\":\"Attiva\",\"url\":\"https:\/\/www.attivagroup.it\/ro\/\",\"logo\":{\"@type\":\"ImageObject\",\"inLanguage\":\"ro-RO\",\"@id\":\"https:\/\/www.attivagroup.it\/ro\/#\/schema\/logo\/image\/\",\"url\":\"https:\/\/www.attivagroup.it\/wp-content\/uploads\/2022\/10\/attiva-payoff.svg\",\"contentUrl\":\"https:\/\/www.attivagroup.it\/wp-content\/uploads\/2022\/10\/attiva-payoff.svg\",\"width\":190,\"height\":72,\"caption\":\"Attiva\"},\"image\":{\"@id\":\"https:\/\/www.attivagroup.it\/ro\/#\/schema\/logo\/image\/\"}}]}<\/script>\n<!-- \/ Yoast SEO plugin. -->","yoast_head_json":{"title":"FAQ: \u00centreb\u0103ri despre companie \u0219i despre carier\u0103 - Attiva","description":"Afla\u021bi num\u0103rul de persoane care lucreaz\u0103 cu noi, detalii despre c\u0103l\u0103toria Rom\u00e2nia-Italia, cazare asigurat\u0103 \u0219i plata salariului.","robots":{"index":"index","follow":"follow","max-snippet":"max-snippet:-1","max-image-preview":"max-image-preview:large","max-video-preview":"max-video-preview:-1"},"canonical":"https:\/\/www.attivagroup.it\/ro\/f-a-qs\/","og_locale":"ro_RO","og_type":"article","og_title":"FAQ: \u00centreb\u0103ri despre companie \u0219i despre carier\u0103 - Attiva","og_description":"Afla\u021bi num\u0103rul de persoane care lucreaz\u0103 cu noi, detalii despre c\u0103l\u0103toria Rom\u00e2nia-Italia, cazare asigurat\u0103 \u0219i plata salariului.","og_url":"https:\/\/www.attivagroup.it\/ro\/f-a-qs\/","og_site_name":"Attiva","article_modified_time":"2023-08-25T06:47:30+00:00","twitter_card":"summary_large_image","schema":{"@context":"https:\/\/schema.org","@graph":[{"@type":"WebPage","@id":"https:\/\/www.attivagroup.it\/ro\/f-a-qs\/","url":"https:\/\/www.attivagroup.it\/ro\/f-a-qs\/","name":"FAQ: \u00centreb\u0103ri despre companie \u0219i despre carier\u0103 - Attiva","isPartOf":{"@id":"https:\/\/www.attivagroup.it\/ro\/#website"},"datePublished":"2023-01-25T16:29:43+00:00","dateModified":"2023-08-25T06:47:30+00:00","description":"Afla\u021bi num\u0103rul de persoane care lucreaz\u0103 cu noi, detalii despre c\u0103l\u0103toria Rom\u00e2nia-Italia, cazare asigurat\u0103 \u0219i plata salariului.","breadcrumb":{"@id":"https:\/\/www.attivagroup.it\/ro\/f-a-qs\/#breadcrumb"},"inLanguage":"ro-RO","potentialAction":[{"@type":"ReadAction","target":["https:\/\/www.attivagroup.it\/ro\/f-a-qs\/"]}]},{"@type":"BreadcrumbList","@id":"https:\/\/www.attivagroup.it\/ro\/f-a-qs\/#breadcrumb","itemListElement":[{"@type":"ListItem","position":1,"name":"Home","item":"https:\/\/www.attivagroup.it\/ro\/"},{"@type":"ListItem","position":2,"name":"FAQ"}]},{"@type":"WebSite","@id":"https:\/\/www.attivagroup.it\/ro\/#website","url":"https:\/\/www.attivagroup.it\/ro\/","name":"Attiva","description":"","publisher":{"@id":"https:\/\/www.attivagroup.it\/ro\/#organization"},"potentialAction":[{"@type":"SearchAction","target":{"@type":"EntryPoint","urlTemplate":"https:\/\/www.attivagroup.it\/ro\/?s={search_term_string}"},"query-input":{"@type":"PropertyValueSpecification","valueRequired":true,"valueName":"search_term_string"}}],"inLanguage":"ro-RO"},{"@type":"Organization","@id":"https:\/\/www.attivagroup.it\/ro\/#organization","name":"Attiva","url":"https:\/\/www.attivagroup.it\/ro\/","logo":{"@type":"ImageObject","inLanguage":"ro-RO","@id":"https:\/\/www.attivagroup.it\/ro\/#\/schema\/logo\/image\/","url":"https:\/\/www.attivagroup.it\/wp-content\/uploads\/2022\/10\/attiva-payoff.svg","contentUrl":"https:\/\/www.attivagroup.it\/wp-content\/uploads\/2022\/10\/attiva-payoff.svg","width":190,"height":72,"caption":"Attiva"},"image":{"@id":"https:\/\/www.attivagroup.it\/ro\/#\/schema\/logo\/image\/"}}]}},"_links":{"self":[{"href":"https:\/\/www.attivagroup.it\/ro\/wp-json\/wp\/v2\/pages\/2675","targetHints":{"allow":["GET"]}}],"collection":[{"href":"https:\/\/www.attivagroup.it\/ro\/wp-json\/wp\/v2\/pages"}],"about":[{"href":"https:\/\/www.attivagroup.it\/ro\/wp-json\/wp\/v2\/types\/page"}],"author":[{"embeddable":true,"href":"https:\/\/www.attivagroup.it\/ro\/wp-json\/wp\/v2\/users\/2"}],"replies":[{"embeddable":true,"href":"https:\/\/www.attivagroup.it\/ro\/wp-json\/wp\/v2\/comments?post=2675"}],"version-history":[{"count":8,"href":"https:\/\/www.attivagroup.it\/ro\/wp-json\/wp\/v2\/pages\/2675\/revisions"}],"predecessor-version":[{"id":2975,"href":"https:\/\/www.attivagroup.it\/ro\/wp-json\/wp\/v2\/pages\/2675\/revisions\/2975"}],"wp:attachment":[{"href":"https:\/\/www.attivagroup.it\/ro\/wp-json\/wp\/v2\/media?parent=2675"}],"curies":[{"name":"wp","href":"https:\/\/api.w.org\/{rel}","templated":true}]}}